{"id":130,"date":"2025-01-14T04:13:24","date_gmt":"2025-01-14T04:13:24","guid":{"rendered":"https:\/\/admin.arpa.buap.mx\/arteymedios\/?page_id=130"},"modified":"2025-11-12T03:39:22","modified_gmt":"2025-11-12T03:39:22","slug":"mapa-curricular","status":"publish","type":"page","link":"https:\/\/admin.arpa.buap.mx\/arteymedios\/mapa-curricular\/","title":{"rendered":"Plan de estudios"},"content":{"rendered":"\n<p>El plan de estudios de la Maestr\u00eda en Arte y Medios est\u00e1 dise\u00f1ado para ofrecer una formaci\u00f3n integral y multidisciplinaria en el campo de las artes, los medios y la comunicaci\u00f3n contempor\u00e1nea. A lo largo de cuatro semestres, el plan acad\u00e9mico combina fundamentos te\u00f3ricos s\u00f3lidos, an\u00e1lisis cr\u00edtico y pr\u00e1ctica creativa para explorar desde los medios impresos y digitales hasta las narrativas visuales, sonoras y transmediales. <\/p>\n\n\n\n<p>Con un enfoque interdisciplinario, las asignaturas obligatorias y optativas permiten a estudiantes profundizar en \u00e1reas clave como la imagen, lo l\u00fadico, lo sonoro, el arte tecnol\u00f3gico y la mediolog\u00eda. Adem\u00e1s, los seminarios de tesis, presentes en cada etapa del programa, aseguran una orientaci\u00f3n constante para el desarrollo de proyectos de investigaci\u00f3n originales y pertinentes, lo que prepara a los egresados para abordar los desaf\u00edos del entorno cultural y tecnol\u00f3gico actual con una visi\u00f3n innovadora y cr\u00edtica.<\/p>\n\n\n\n<p><strong>Modalidad del programa:<\/strong> Presencial<\/p>\n\n\n\n<p><strong>Duraci\u00f3n: <\/strong>2 a\u00f1os (4 semestres)<\/p>\n\n\n\n<p>Horario de las clases: lunes a jueves de 14:00 -18:00 horas<\/p>\n\n\n\n<figure class=\"wp-block-image size-full\"><img loading=\"lazy\" decoding=\"async\" width=\"2560\" height=\"1706\" src=\"https:\/\/admin.arpa.buap.mx\/arteymedios\/wp-content\/uploads\/sites\/23\/2025\/01\/todos2-2-scaled.jpg\" alt=\"\" class=\"wp-image-207\" srcset=\"https:\/\/admin.arpa.buap.mx\/arteymedios\/wp-content\/uploads\/sites\/23\/2025\/01\/todos2-2-scaled.jpg 2560w, https:\/\/admin.arpa.buap.mx\/arteymedios\/wp-content\/uploads\/sites\/23\/2025\/01\/todos2-2-300x200.jpg 300w, https:\/\/admin.arpa.buap.mx\/arteymedios\/wp-content\/uploads\/sites\/23\/2025\/01\/todos2-2-1024x682.jpg 1024w, https:\/\/admin.arpa.buap.mx\/arteymedios\/wp-content\/uploads\/sites\/23\/2025\/01\/todos2-2-768x512.jpg 768w, https:\/\/admin.arpa.buap.mx\/arteymedios\/wp-content\/uploads\/sites\/23\/2025\/01\/todos2-2-1536x1024.jpg 1536w, https:\/\/admin.arpa.buap.mx\/arteymedios\/wp-content\/uploads\/sites\/23\/2025\/01\/todos2-2-2048x1365.jpg 2048w\" sizes=\"auto, (max-width: 2560px) 100vw, 2560px\" \/><\/figure>\n\n\n\n<div class=\"wp-block-columns is-layout-flex wp-container-core-columns-is-layout-9d6595d7 wp-block-columns-is-layout-flex\">\n<div class=\"wp-block-column is-layout-flow wp-block-column-is-layout-flow\">\n<div class=\"wp-block-group\"><div class=\"wp-block-group__inner-container is-layout-constrained wp-block-group-is-layout-constrained\">\n<h3 class=\"wp-block-heading\">1er Semestre<\/h3>\n\n\n\n<p>El primer semestre de la maestr\u00eda se centra en la exploraci\u00f3n te\u00f3rica y cr\u00edtica de los medios y el arte, el libro, la im\u00e1gen fija y lo l\u00fadico. A trav\u00e9s del an\u00e1lisis de diversas manifestaciones art\u00edsticas, narrativas visuales y expresiones l\u00fadicas, se sientan las bases para comprender la relaci\u00f3n entre tecnolog\u00eda, arte y sociedad. <\/p>\n\n\n\n<p><strong>Materias<\/strong><\/p>\n\n\n\n<ul class=\"wp-block-list\">\n<li>Arte y teor\u00eda de medios<\/li>\n\n\n\n<li>El libro y los medios impresos<\/li>\n\n\n\n<li>Teor\u00eda de la imagen fija<\/li>\n\n\n\n<li>Teor\u00eda de lo l\u00fadico: juegos an\u00e1logos y digitales<\/li>\n<\/ul>\n<\/div><\/div>\n<\/div>\n\n\n\n<div class=\"wp-block-column is-layout-flow wp-block-column-is-layout-flow\">\n<div class=\"wp-block-group\"><div class=\"wp-block-group__inner-container is-layout-constrained wp-block-group-is-layout-constrained\">\n<h3 class=\"wp-block-heading\">2o Semestre<\/h3>\n\n\n\n<p>El segundo semestre de la maestr\u00eda profundiza en el an\u00e1lisis de las din\u00e1micas entre el arte, los medios y la narrativa visual, incorporando una perspectiva pr\u00e1ctica y cr\u00edtica. Se exploran los principios de la mediolog\u00eda y su aplicaci\u00f3n en las artes, as\u00ed como el impacto del arte secuencial. Adem\u00e1s, se aborda la creaci\u00f3n y el an\u00e1lisis de im\u00e1genes en movimiento. Paralelamente, el <em>Seminario de Tesis I<\/em> gu\u00eda al estudiantado en el desarrollo de sus proyectos de investigaci\u00f3n.<\/p>\n\n\n\n<p><strong>Materias<\/strong><\/p>\n\n\n\n<ul class=\"wp-block-list\">\n<li>Arte y mediolog\u00eda<\/li>\n\n\n\n<li>Arte secuencial<\/li>\n\n\n\n<li>Imagen en movimiento<\/li>\n\n\n\n<li>Seminario de Tesis I<\/li>\n<\/ul>\n<\/div><\/div>\n<\/div>\n<\/div>\n\n\n\n<div class=\"wp-block-columns is-layout-flex wp-container-core-columns-is-layout-9d6595d7 wp-block-columns-is-layout-flex\">\n<div class=\"wp-block-column is-layout-flow wp-block-column-is-layout-flow\">\n<div class=\"wp-block-group\"><div class=\"wp-block-group__inner-container is-layout-constrained wp-block-group-is-layout-constrained\">\n<h3 class=\"wp-block-heading\">3er Semestre<\/h3>\n\n\n\n<p>El tercer semestre de la maestr\u00eda se orienta hacia la especializaci\u00f3n y la experimentaci\u00f3n, explorando los medios digitales y el universo sonoro. Este periodo fomenta una comprensi\u00f3n profunda de las narrativas digitales y la dimensi\u00f3n auditiva como herramientas expresivas y culturales. Adem\u00e1s, el estudiantado tienen la oportunidad de personalizar su aprendizaje mediante una asignatura optativa que les permite profundizar en \u00e1reas de inter\u00e9s espec\u00edficas. Paralelamente, el <em>Seminario de Tesis II<\/em> avanza en la consolidaci\u00f3n de sus proyectos de investigaci\u00f3n, enfoc\u00e1ndose en la argumentaci\u00f3n y aportaciones cr\u00edticas de sus trabajos finales.<\/p>\n\n\n\n<p><strong>Materias<\/strong><\/p>\n\n\n\n<ul class=\"wp-block-list\">\n<li>Medios digitales<\/li>\n\n\n\n<li>Lo sonoro<\/li>\n\n\n\n<li>Optativa 1<\/li>\n\n\n\n<li>Seminario de Tesis II<\/li>\n<\/ul>\n<\/div><\/div>\n<\/div>\n\n\n\n<div class=\"wp-block-column is-layout-flow wp-block-column-is-layout-flow\">\n<div class=\"wp-block-group\"><div class=\"wp-block-group__inner-container is-layout-constrained wp-block-group-is-layout-constrained\">\n<h3 class=\"wp-block-heading\">4o Semestre<\/h3>\n\n\n\n<p>El cuarto y \u00faltimo semestre de la maestr\u00eda se centra en la integraci\u00f3n de conocimientos y la culminaci\u00f3n del proyecto de investigaci\u00f3n. La transmedialidad se aborda como un eje clave para comprender las formas que trascienden medios, explorando su potencial creativo. Una segunda asignatura optativa permite al estudiantado profundizar en un \u00e1rea espec\u00edfica de su inter\u00e9s, completando su formaci\u00f3n de manera personalizada. Finalmente, el <em>Seminario de Tesis III<\/em> se dedica a la conclusi\u00f3n y presentaci\u00f3n del trabajo de tesis, enfatizando la originalidad, el rigor acad\u00e9mico y la relevancia de las aportaciones realizadas, marcando el cierre de un proceso formativo integral y especializado.<\/p>\n\n\n\n<p><strong>Materias<\/strong><\/p>\n\n\n\n<ul class=\"wp-block-list\">\n<li>Transmedialidad<\/li>\n\n\n\n<li>Seminario de Tesis III<\/li>\n\n\n\n<li>Optativa 2<\/li>\n<\/ul>\n<\/div><\/div>\n<\/div>\n<\/div>\n\n\n\n<div class=\"wp-block-columns is-layout-flex wp-container-core-columns-is-layout-9d6595d7 wp-block-columns-is-layout-flex\">\n<div class=\"wp-block-column is-layout-flow wp-block-column-is-layout-flow\">\n<div class=\"wp-block-group\"><div class=\"wp-block-group__inner-container is-layout-constrained wp-block-group-is-layout-constrained\">\n<h3 class=\"wp-block-heading\">Materias optativas<\/h3>\n\n\n\n<p>Las materias optativas de la maestr\u00eda permiten a los estudiantes profundizar en \u00e1reas espec\u00edficas que complementan su investigaci\u00f3n y ampl\u00edan su perspectiva cr\u00edtica. Asignaturas como <em>Im\u00e1genes que hablan<\/em> y <em>Realidad mixta y Arte tecnol\u00f3gico<\/em> exploran la intersecci\u00f3n entre arte, medios y tecnolog\u00eda. Adem\u00e1s, seminarios como <em>Teor\u00eda e innovaci\u00f3n en artes y medios<\/em> fomentan tanto la reflexi\u00f3n conceptual como la aplicaci\u00f3n pr\u00e1ctica en proyectos, ofreciendo una formaci\u00f3n flexible e interdisciplinaria que potencia la innovaci\u00f3n en las artes contempor\u00e1neas.<\/p>\n\n\n\n<ul class=\"wp-block-list\">\n<li>Im\u00e1genes que hablan<\/li>\n\n\n\n<li>Realidad mixta<\/li>\n\n\n\n<li>Seminario mayor de teor\u00eda de medios<\/li>\n\n\n\n<li>Arte tecnol\u00f3gico<\/li>\n\n\n\n<li>Teor\u00eda e innovaci\u00f3n en artes y medios I<\/li>\n\n\n\n<li>An\u00e1lisis y creaci\u00f3n en medios particulares I<\/li>\n\n\n\n<li>Teor\u00eda e innovaci\u00f3n en artes y medios II<\/li>\n\n\n\n<li>An\u00e1lisis y creaci\u00f3n en medios particulares II<\/li>\n<\/ul>\n<\/div><\/div>\n<\/div>\n\n\n\n<div class=\"wp-block-column is-layout-flow wp-block-column-is-layout-flow\">\n<div class=\"wp-block-group\"><div class=\"wp-block-group__inner-container is-layout-constrained wp-block-group-is-layout-constrained\">\n<h3 class=\"wp-block-heading\">Formas de Titulaci\u00f3n<\/h3>\n\n\n\n<p>La forma de titulaci\u00f3n para la Maestr\u00eda en Arte y Medios es por <strong>tesis<\/strong>. La tesis es un reporte de investigaci\u00f3n que debe cumplir con rigor te\u00f3rico y metodol\u00f3gico, cuyo tema aporte a la teor\u00eda y pr\u00e1ctica de la disciplina.<\/p>\n<\/div><\/div>\n<\/div>\n<\/div>\n","protected":false},"excerpt":{"rendered":"<p>El plan de estudios de la Maestr\u00eda en Arte y Medios est\u00e1 dise\u00f1ado para ofrecer una formaci\u00f3n integral y multidisciplinaria en el campo de las [&hellip;]<\/p>\n","protected":false},"author":59,"featured_media":0,"parent":0,"menu_order":0,"comment_status":"closed","ping_status":"closed","template":"","meta":{"footnotes":""},"class_list":["post-130","page","type-page","status-publish","hentry"],"_links":{"self":[{"href":"https:\/\/admin.arpa.buap.mx\/arteymedios\/wp-json\/wp\/v2\/pages\/130","targetHints":{"allow":["GET"]}}],"collection":[{"href":"https:\/\/admin.arpa.buap.mx\/arteymedios\/wp-json\/wp\/v2\/pages"}],"about":[{"href":"https:\/\/admin.arpa.buap.mx\/arteymedios\/wp-json\/wp\/v2\/types\/page"}],"author":[{"embeddable":true,"href":"https:\/\/admin.arpa.buap.mx\/arteymedios\/wp-json\/wp\/v2\/users\/59"}],"replies":[{"embeddable":true,"href":"https:\/\/admin.arpa.buap.mx\/arteymedios\/wp-json\/wp\/v2\/comments?post=130"}],"version-history":[{"count":14,"href":"https:\/\/admin.arpa.buap.mx\/arteymedios\/wp-json\/wp\/v2\/pages\/130\/revisions"}],"predecessor-version":[{"id":444,"href":"https:\/\/admin.arpa.buap.mx\/arteymedios\/wp-json\/wp\/v2\/pages\/130\/revisions\/444"}],"wp:attachment":[{"href":"https:\/\/admin.arpa.buap.mx\/arteymedios\/wp-json\/wp\/v2\/media?parent=130"}],"curies":[{"name":"wp","href":"https:\/\/api.w.org\/{rel}","templated":true}]}}