{"id":166,"date":"2025-01-16T03:29:49","date_gmt":"2025-01-16T03:29:49","guid":{"rendered":"https:\/\/admin.arpa.buap.mx\/arteymedios\/?page_id=166"},"modified":"2025-01-28T18:51:55","modified_gmt":"2025-01-28T18:51:55","slug":"retribucion-social","status":"publish","type":"page","link":"https:\/\/admin.arpa.buap.mx\/arteymedios\/retribucion-social\/","title":{"rendered":"Retribuci\u00f3n social"},"content":{"rendered":"\n<p>El programa de Maestr\u00eda en Arte y Medios se sustenta en el compromiso \u00e9tico con la sociedad mexicana, por lo que sus estudiantes realizan actividades sin fines de lucro retribuyendo a la sociedad para impactar positivamente en la soluci\u00f3n de problemas de su contexto, as\u00ed como en la aplicaci\u00f3n y difusi\u00f3n de la investigaci\u00f3n, arte y cultura. <\/p>\n\n\n\n<figure class=\"wp-block-image size-full\"><img loading=\"lazy\" decoding=\"async\" width=\"2560\" height=\"1707\" src=\"https:\/\/admin.arpa.buap.mx\/arteymedios\/wp-content\/uploads\/sites\/23\/2025\/01\/1J7A2855-1-scaled.jpg\" alt=\"\" class=\"wp-image-204\" srcset=\"https:\/\/admin.arpa.buap.mx\/arteymedios\/wp-content\/uploads\/sites\/23\/2025\/01\/1J7A2855-1-scaled.jpg 2560w, https:\/\/admin.arpa.buap.mx\/arteymedios\/wp-content\/uploads\/sites\/23\/2025\/01\/1J7A2855-1-300x200.jpg 300w, https:\/\/admin.arpa.buap.mx\/arteymedios\/wp-content\/uploads\/sites\/23\/2025\/01\/1J7A2855-1-1024x683.jpg 1024w, https:\/\/admin.arpa.buap.mx\/arteymedios\/wp-content\/uploads\/sites\/23\/2025\/01\/1J7A2855-1-768x512.jpg 768w, https:\/\/admin.arpa.buap.mx\/arteymedios\/wp-content\/uploads\/sites\/23\/2025\/01\/1J7A2855-1-1536x1024.jpg 1536w, https:\/\/admin.arpa.buap.mx\/arteymedios\/wp-content\/uploads\/sites\/23\/2025\/01\/1J7A2855-1-2048x1365.jpg 2048w\" sizes=\"auto, (max-width: 2560px) 100vw, 2560px\" \/><\/figure>\n\n\n\n<ul class=\"wp-block-list\">\n<li>Clases y asesor\u00edas: La comunidad estudiantil del posgrado apoyan a otros estudiantes con asesor\u00edas o tutor\u00edas de temas relacionados con sus trabajos de investigaci\u00f3n o dictan cursos-talleres de formaci\u00f3n o innovaci\u00f3n social.<\/li>\n\n\n\n<li>Eventos de divulgaci\u00f3n: La comunidad estudiantil participa en la organizaci\u00f3n de eventos abiertos al p\u00fablico en general, para presentar resultados de investigaci\u00f3n ante grupos sociales, productivos e institucionales. Estos eventos pueden incluir conferencias, mesas redondas o paneles de discusi\u00f3n con expertos en el campo en simposios, ferias o foros.<\/li>\n\n\n\n<li>Creaci\u00f3n de materiales audiovisuales educativos: La comunidad estudiantil produce materiales audiovisuales con el uso de medios (videos, documentales, podcasts, etc.) que aborden temas relevantes sobre los medios y su impacto en la sociedad o temas relacionados a la divulgaci\u00f3n de la ciencia y la tecnolog\u00eda, sustentabilidad, salud, educaci\u00f3n sexual el cuidado de menores, adultos mayores y personas con discapacidad. <\/li>\n\n\n\n<li>Investigaci\u00f3n aplicada: Elaboran notas y art\u00edculos de difusi\u00f3n en medios acad\u00e9micos. La comunidad estudiantil realizaa investigaciones que abordan problemas o desaf\u00edos relacionados con los medios en su contexto local. Los resultados de estas investigaciones pueden ser utilizados para proponer soluciones o generar recomendaciones que beneficien a la sociedad.<\/li>\n\n\n\n<li>Difusi\u00f3n de la cultura: Promueven la difusi\u00f3n de la cultura a trav\u00e9s de actividades como la organizaci\u00f3n de exposiciones, proyecciones de pel\u00edculas, conciertos u otras manifestaciones art\u00edsticas.<\/li>\n<\/ul>\n\n\n\n<p>De este forma estudiantado tiene experiencias de investigaci\u00f3n y an\u00e1lisis de las pr\u00e1cticas en medios, las cuales lo acercar\u00e1n al trabajo en el \u00e1rea de medios como universidades, centros de investigaci\u00f3n, instituciones p\u00fablicas y privadas.<\/p>\n","protected":false},"excerpt":{"rendered":"<p>El programa de Maestr\u00eda en Arte y Medios se sustenta en el compromiso \u00e9tico con la sociedad mexicana, por lo que sus estudiantes realizan actividades [&hellip;]<\/p>\n","protected":false},"author":59,"featured_media":0,"parent":0,"menu_order":0,"comment_status":"closed","ping_status":"closed","template":"","meta":{"footnotes":""},"class_list":["post-166","page","type-page","status-publish","hentry"],"_links":{"self":[{"href":"https:\/\/admin.arpa.buap.mx\/arteymedios\/wp-json\/wp\/v2\/pages\/166","targetHints":{"allow":["GET"]}}],"collection":[{"href":"https:\/\/admin.arpa.buap.mx\/arteymedios\/wp-json\/wp\/v2\/pages"}],"about":[{"href":"https:\/\/admin.arpa.buap.mx\/arteymedios\/wp-json\/wp\/v2\/types\/page"}],"author":[{"embeddable":true,"href":"https:\/\/admin.arpa.buap.mx\/arteymedios\/wp-json\/wp\/v2\/users\/59"}],"replies":[{"embeddable":true,"href":"https:\/\/admin.arpa.buap.mx\/arteymedios\/wp-json\/wp\/v2\/comments?post=166"}],"version-history":[{"count":3,"href":"https:\/\/admin.arpa.buap.mx\/arteymedios\/wp-json\/wp\/v2\/pages\/166\/revisions"}],"predecessor-version":[{"id":206,"href":"https:\/\/admin.arpa.buap.mx\/arteymedios\/wp-json\/wp\/v2\/pages\/166\/revisions\/206"}],"wp:attachment":[{"href":"https:\/\/admin.arpa.buap.mx\/arteymedios\/wp-json\/wp\/v2\/media?parent=166"}],"curies":[{"name":"wp","href":"https:\/\/api.w.org\/{rel}","templated":true}]}}