{"id":181,"date":"2025-01-16T03:53:59","date_gmt":"2025-01-16T03:53:59","guid":{"rendered":"https:\/\/admin.arpa.buap.mx\/arteymedios\/?page_id=181"},"modified":"2025-02-04T14:39:18","modified_gmt":"2025-02-04T14:39:18","slug":"instalaciones","status":"publish","type":"page","link":"https:\/\/admin.arpa.buap.mx\/arteymedios\/instalaciones\/","title":{"rendered":"Instalaciones"},"content":{"rendered":"\n<p>La Maestr\u00eda en Arte y Medios se imparte en las instalaciones de la Escuela de Artes Pl\u00e1sticas y Audiovisuales ubicadas en el Complejo Cultural Universitario de la BUAP,  en la ciudad de Puebla. Este espacio emblem\u00e1tico combina infraestructura de vanguardia con un entorno propicio para la creatividad, el aprendizaje interdisciplinario y el intercambio cultural, ofreciendo a los estudiantes un escenario ideal para desarrollar proyectos innovadores en el \u00e1mbito de las artes y los medios.<\/p>\n\n\n\n<figure class=\"wp-block-image size-full\"><img loading=\"lazy\" decoding=\"async\" width=\"900\" height=\"491\" src=\"https:\/\/admin.arpa.buap.mx\/arteymedios\/wp-content\/uploads\/sites\/23\/2025\/01\/ccu-buap.jpg\" alt=\"\" class=\"wp-image-187\" srcset=\"https:\/\/admin.arpa.buap.mx\/arteymedios\/wp-content\/uploads\/sites\/23\/2025\/01\/ccu-buap.jpg 900w, https:\/\/admin.arpa.buap.mx\/arteymedios\/wp-content\/uploads\/sites\/23\/2025\/01\/ccu-buap-300x164.jpg 300w, https:\/\/admin.arpa.buap.mx\/arteymedios\/wp-content\/uploads\/sites\/23\/2025\/01\/ccu-buap-768x419.jpg 768w\" sizes=\"auto, (max-width: 900px) 100vw, 900px\" \/><\/figure>\n\n\n\n<h3 class=\"wp-block-heading\">Ubicaci\u00f3n<\/h3>\n\n\n\n<p>El Complejo Cultural Universitario de la BUAP se encuentra en la zona sur de la Angel\u00f3polis, a pocos minutos de los principales accesos viales y centros comerciales de la ciudad. V\u00eda Atlixc\u00e1yotl 2299 Puebla, Pue. Cp 72810<\/p>\n\n\n\n<iframe src=\"https:\/\/www.google.com\/maps\/embed?pb=!1m18!1m12!1m3!1d3771.9929055221005!2d-98.24265072382163!3d19.020034282173082!2m3!1f0!2f0!3f0!3m2!1i1024!2i768!4f13.1!3m3!1m2!1s0x85cfc742407551ef%3A0x93dc3db3e62b8694!2sComplejo%20Cultural%20Universitario%20BUAP!5e0!3m2!1ses-419!2smx!4v1736999851404!5m2!1ses-419!2smx\" width=\"100%\" height=\"400px\" style=\"border:0;\" allowfullscreen=\"\" loading=\"lazy\" referrerpolicy=\"no-referrer-when-downgrade\"><\/iframe>\n\n\n\n<figure class=\"wp-block-gallery has-nested-images columns-default is-cropped wp-block-gallery-1 is-layout-flex wp-block-gallery-is-layout-flex\">\n<figure class=\"wp-block-image size-large\"><img loading=\"lazy\" decoding=\"async\" width=\"1024\" height=\"683\" data-id=\"195\" src=\"https:\/\/admin.arpa.buap.mx\/arteymedios\/wp-content\/uploads\/sites\/23\/2025\/01\/DSC03487-1-1024x683.jpg\" alt=\"\" class=\"wp-image-195\" srcset=\"https:\/\/admin.arpa.buap.mx\/arteymedios\/wp-content\/uploads\/sites\/23\/2025\/01\/DSC03487-1-1024x683.jpg 1024w, https:\/\/admin.arpa.buap.mx\/arteymedios\/wp-content\/uploads\/sites\/23\/2025\/01\/DSC03487-1-300x200.jpg 300w, https:\/\/admin.arpa.buap.mx\/arteymedios\/wp-content\/uploads\/sites\/23\/2025\/01\/DSC03487-1-768x512.jpg 768w, https:\/\/admin.arpa.buap.mx\/arteymedios\/wp-content\/uploads\/sites\/23\/2025\/01\/DSC03487-1-1536x1024.jpg 1536w, https:\/\/admin.arpa.buap.mx\/arteymedios\/wp-content\/uploads\/sites\/23\/2025\/01\/DSC03487-1-2048x1365.jpg 2048w\" sizes=\"auto, (max-width: 1024px) 100vw, 1024px\" \/><\/figure>\n\n\n\n<figure class=\"wp-block-image size-large\"><img loading=\"lazy\" decoding=\"async\" width=\"1024\" height=\"682\" data-id=\"210\" src=\"https:\/\/admin.arpa.buap.mx\/arteymedios\/wp-content\/uploads\/sites\/23\/2025\/01\/IMG-20220121-WA0008-1024x682.jpg\" alt=\"\" class=\"wp-image-210\" srcset=\"https:\/\/admin.arpa.buap.mx\/arteymedios\/wp-content\/uploads\/sites\/23\/2025\/01\/IMG-20220121-WA0008-1024x682.jpg 1024w, https:\/\/admin.arpa.buap.mx\/arteymedios\/wp-content\/uploads\/sites\/23\/2025\/01\/IMG-20220121-WA0008-300x200.jpg 300w, https:\/\/admin.arpa.buap.mx\/arteymedios\/wp-content\/uploads\/sites\/23\/2025\/01\/IMG-20220121-WA0008-768x512.jpg 768w, https:\/\/admin.arpa.buap.mx\/arteymedios\/wp-content\/uploads\/sites\/23\/2025\/01\/IMG-20220121-WA0008.jpg 1280w\" sizes=\"auto, (max-width: 1024px) 100vw, 1024px\" \/><\/figure>\n<\/figure>\n\n\n\n<p>Los espacios especializados como laboratorios de c\u00f3mputo, c\u00e1maras Gesell, estudios de grabaci\u00f3n, salas de usos m\u00faltiples, talleres y salas de proyecci\u00f3n cinematogr\u00e1fica ofrecen un espacio ideal para la investigaci\u00f3n creaci\u00f3n. <\/p>\n","protected":false},"excerpt":{"rendered":"<p>La Maestr\u00eda en Arte y Medios se imparte en las instalaciones de la Escuela de Artes Pl\u00e1sticas y Audiovisuales ubicadas en el Complejo Cultural Universitario [&hellip;]<\/p>\n","protected":false},"author":59,"featured_media":0,"parent":0,"menu_order":0,"comment_status":"closed","ping_status":"closed","template":"","meta":{"footnotes":""},"class_list":["post-181","page","type-page","status-publish","hentry"],"_links":{"self":[{"href":"https:\/\/admin.arpa.buap.mx\/arteymedios\/wp-json\/wp\/v2\/pages\/181","targetHints":{"allow":["GET"]}}],"collection":[{"href":"https:\/\/admin.arpa.buap.mx\/arteymedios\/wp-json\/wp\/v2\/pages"}],"about":[{"href":"https:\/\/admin.arpa.buap.mx\/arteymedios\/wp-json\/wp\/v2\/types\/page"}],"author":[{"embeddable":true,"href":"https:\/\/admin.arpa.buap.mx\/arteymedios\/wp-json\/wp\/v2\/users\/59"}],"replies":[{"embeddable":true,"href":"https:\/\/admin.arpa.buap.mx\/arteymedios\/wp-json\/wp\/v2\/comments?post=181"}],"version-history":[{"count":9,"href":"https:\/\/admin.arpa.buap.mx\/arteymedios\/wp-json\/wp\/v2\/pages\/181\/revisions"}],"predecessor-version":[{"id":215,"href":"https:\/\/admin.arpa.buap.mx\/arteymedios\/wp-json\/wp\/v2\/pages\/181\/revisions\/215"}],"wp:attachment":[{"href":"https:\/\/admin.arpa.buap.mx\/arteymedios\/wp-json\/wp\/v2\/media?parent=181"}],"curies":[{"name":"wp","href":"https:\/\/api.w.org\/{rel}","templated":true}]}}