{"id":290,"date":"2025-11-10T21:25:09","date_gmt":"2025-11-10T21:25:09","guid":{"rendered":"https:\/\/admin.arpa.buap.mx\/arteymedios\/?page_id=290"},"modified":"2026-01-20T19:58:50","modified_gmt":"2026-01-20T19:58:50","slug":"convocatoria-arte-y-medios-2026","status":"publish","type":"page","link":"https:\/\/admin.arpa.buap.mx\/arteymedios\/convocatoria-arte-y-medios-2026\/","title":{"rendered":"Convocatoria 2026"},"content":{"rendered":"\n<div class=\"wp-block-cover alignfull is-light\"><span aria-hidden=\"true\" class=\"wp-block-cover__background has-background-dim-100 has-background-dim\" style=\"background-color:#ffffff\"><\/span><div class=\"wp-block-cover__inner-container is-layout-flow wp-block-cover-is-layout-flow\">\n<div class=\"wp-block-media-text alignwide is-stacked-on-mobile is-vertically-aligned-center\" style=\"grid-template-columns:54% auto\"><figure class=\"wp-block-media-text__media\"><img loading=\"lazy\" decoding=\"async\" width=\"250\" height=\"250\" src=\"https:\/\/admin.arpa.buap.mx\/arteymedios\/wp-content\/uploads\/sites\/23\/2025\/11\/maestria-arte-medios.png\" alt=\"\" class=\"wp-image-299 size-full\" srcset=\"https:\/\/admin.arpa.buap.mx\/arteymedios\/wp-content\/uploads\/sites\/23\/2025\/11\/maestria-arte-medios.png 250w, https:\/\/admin.arpa.buap.mx\/arteymedios\/wp-content\/uploads\/sites\/23\/2025\/11\/maestria-arte-medios-150x150.png 150w\" sizes=\"auto, (max-width: 250px) 100vw, 250px\" \/><\/figure><div class=\"wp-block-media-text__content\">\n<h2 class=\"wp-block-heading has-text-color\" style=\"color:#000000;font-size:32px\">\u00bfC\u00f3mo<strong> aplicar a la Maestr\u00eda en Arte y Medios<\/strong>?<\/h2>\n\n\n\n<ol class=\"wp-block-list\">\n<li>Prepara tus documentos y completa tu solicitud.<\/li>\n\n\n\n<li>Entrevistaste con el comit\u00e9 acad\u00e9mico.<\/li>\n\n\n\n<li>Acredita el curso proped\u00e9utico.<\/li>\n<\/ol>\n\n\n\n<p class=\"has-text-color\" style=\"color:#000000;font-size:17px\"><strong>Ya se encuentra abierta la convocatoria 2026 <\/strong><\/p>\n\n\n\n<div class=\"wp-block-buttons is-layout-flex wp-block-buttons-is-layout-flex\">\n<div class=\"wp-block-button is-style-fill\"><a class=\"wp-block-button__link wp-element-button\" href=\"https:\/\/viep.buap.mx\/posgrados\/sites\/default\/files\/OfertaAcademica\/Convocatorias\/Otono2026\/FacArtPA\/M.ArtesMedios_ExtensoOto26.pdf\" target=\"_blank\" rel=\"noreferrer noopener\">ver convocatoria 2026<\/a><\/div>\n<\/div>\n\n\n\n<hr class=\"wp-block-separator has-alpha-channel-opacity\" \/>\n\n\n\n<h3 class=\"wp-block-heading\">Inicia tu solicitud<\/h3>\n\n\n\n<details class=\"wp-block-details has-medium-font-size is-layout-flow wp-block-details-is-layout-flow\"><summary>Aplicar ahora ___ <sub>Ver m\u00e1s&#8230;<\/sub><\/summary>\n<p><strong>1a. ETAPA: RECEPCI\u00d3N DE DOCUMENTOS<\/strong><\/p>\n\n\n\n<p class=\"has-normal-font-size\" style=\"line-height:1.5\">5 de noviembre de 2025 al 13 de enero de 2026 <\/p>\n\n\n\n<hr class=\"wp-block-separator has-text-color has-css-opacity has-background is-style-wide\" style=\"background-color:#000000;color:#000000\" \/>\n\n\n\n<p>Te recomendamos que antes de responder este formulario revises que:<\/p>\n\n\n\n<ul class=\"wp-block-list has-normal-font-size\">\n<li>1) Cuentes con los documentos solicitados, tanto oficiales como acad\u00e9micos (ver detalle en convocatoria)<\/li>\n\n\n\n<li>2) Los documentos se encuentren en formato PDF (excepto la fotograf\u00eda que deber\u00e1 tener un formato imagen)<\/li>\n\n\n\n<li>3) Los documentos tengan un peso m\u00e1ximo de 10MB.<\/li>\n<\/ul>\n\n\n\n<p><\/p>\n\n\n\n<div class=\"wp-block-buttons alignfull is-horizontal is-content-justification-center is-layout-flex wp-container-core-buttons-is-layout-499968f5 wp-block-buttons-is-layout-flex\">\n<div class=\"wp-block-button has-custom-width wp-block-button__width-100\"><a class=\"wp-block-button__link has-white-color has-text-color has-background no-border-radius wp-element-button\" href=\"https:\/\/forms.gle\/hQrLHcfL25TfF1Wz6\" style=\"background-color:#000000\" target=\"_blank\" rel=\"noreferrer noopener\">Adjuntar documentaci\u00f3n y completar solicitud<\/a><\/div>\n<\/div>\n\n\n\n<p><strong>Aviso:<\/strong> El plazo para la recepci\u00f3n de la <strong>Constancia de comprensi\u00f3n lectora b\u00e1sica en alguna segunda lengua<\/strong> se extiende a 6 meses. La constancia deber\u00e1 ser emitida por una instituci\u00f3n formal y debidamente establecida como lo es la Facultad de Lenguas de la Benem\u00e9rita Universidad Aut\u00f3noma de Puebla,<a href=\"https:\/\/www.facultaddelenguas.com\/ccia-comprensiontex\" target=\"_blank\" rel=\"noreferrer noopener\"> m\u00e1s informaci\u00f3n de este examen aqu\u00ed.<\/a><\/p>\n<\/details>\n\n\n\n<p><\/p>\n<\/div><\/div>\n\n\n\n<hr class=\"wp-block-separator has-alpha-channel-opacity\" \/>\n\n\n\n<p><\/p>\n<\/div><\/div>\n\n\n\n<p><\/p>\n","protected":false},"excerpt":{"rendered":"<p>Ya se encuentra abierta la convocatoria 2026 a la Maestr\u00eda en Arte y Medios<\/p>\n<p>Recepci\u00f3n de documentos del 5 de noviembre de 2025 al 13 de enero de 2026 <\/p>\n","protected":false},"author":5,"featured_media":223,"parent":0,"menu_order":0,"comment_status":"closed","ping_status":"closed","template":"","meta":{"footnotes":""},"class_list":["post-290","page","type-page","status-publish","has-post-thumbnail","hentry"],"_links":{"self":[{"href":"https:\/\/admin.arpa.buap.mx\/arteymedios\/wp-json\/wp\/v2\/pages\/290","targetHints":{"allow":["GET"]}}],"collection":[{"href":"https:\/\/admin.arpa.buap.mx\/arteymedios\/wp-json\/wp\/v2\/pages"}],"about":[{"href":"https:\/\/admin.arpa.buap.mx\/arteymedios\/wp-json\/wp\/v2\/types\/page"}],"author":[{"embeddable":true,"href":"https:\/\/admin.arpa.buap.mx\/arteymedios\/wp-json\/wp\/v2\/users\/5"}],"replies":[{"embeddable":true,"href":"https:\/\/admin.arpa.buap.mx\/arteymedios\/wp-json\/wp\/v2\/comments?post=290"}],"version-history":[{"count":25,"href":"https:\/\/admin.arpa.buap.mx\/arteymedios\/wp-json\/wp\/v2\/pages\/290\/revisions"}],"predecessor-version":[{"id":560,"href":"https:\/\/admin.arpa.buap.mx\/arteymedios\/wp-json\/wp\/v2\/pages\/290\/revisions\/560"}],"wp:featuredmedia":[{"embeddable":true,"href":"https:\/\/admin.arpa.buap.mx\/arteymedios\/wp-json\/wp\/v2\/media\/223"}],"wp:attachment":[{"href":"https:\/\/admin.arpa.buap.mx\/arteymedios\/wp-json\/wp\/v2\/media?parent=290"}],"curies":[{"name":"wp","href":"https:\/\/api.w.org\/{rel}","templated":true}]}}