{"id":399,"date":"2025-11-12T03:06:17","date_gmt":"2025-11-12T03:06:17","guid":{"rendered":"https:\/\/admin.arpa.buap.mx\/arteymedios\/?page_id=399"},"modified":"2026-01-20T19:52:11","modified_gmt":"2026-01-20T19:52:11","slug":"maestria-en-arte-y-medios","status":"publish","type":"page","link":"https:\/\/admin.arpa.buap.mx\/arteymedios\/","title":{"rendered":"Maestr\u00eda\u00a0en Arte y Medios"},"content":{"rendered":"\n<p>La Maestr\u00eda en Arte y Medios de la Facultad de Artes Pl\u00e1sticas y Audiovisuales BUAP es un programa de investigaci\u00f3n\/creaci\u00f3n donde se explorar\u00e1 y desarrollar\u00e1n nuevas formas de expresi\u00f3n, mientras se profundiza en el estudio de los medios. Entender el medio como generador de sensibilidades y de orientaciones del mundo es una oportunidad para llevar a las artes a nuevas fronteras, ser visonario para dar&nbsp; forma al futuro.<\/p>\n\n\n\n<div class=\"wp-block-buttons is-content-justification-center is-layout-flex wp-container-core-buttons-is-layout-16018d1d wp-block-buttons-is-layout-flex\">\n<div class=\"wp-block-button\"><a class=\"wp-block-button__link wp-element-button\" href=\"https:\/\/admin.arpa.buap.mx\/arteymedios\/convocatoria-arte-y-medios-2026\/\" target=\"_blank\" rel=\"noreferrer noopener\">CONVOCATORIA 2026 ABIERTA<\/a><\/div>\n<\/div>\n\n\n\n<figure class=\"wp-block-image size-full\"><a href=\"https:\/\/admin.arpa.buap.mx\/arteymedios\/convocatoria-arte-y-medios-2026\/\" target=\"_blank\" rel=\" noreferrer noopener\"><img loading=\"lazy\" decoding=\"async\" width=\"969\" height=\"177\" src=\"https:\/\/admin.arpa.buap.mx\/arteymedios\/wp-content\/uploads\/sites\/23\/2025\/11\/banner-26.png\" alt=\"\" class=\"wp-image-481\" srcset=\"https:\/\/admin.arpa.buap.mx\/arteymedios\/wp-content\/uploads\/sites\/23\/2025\/11\/banner-26.png 969w, https:\/\/admin.arpa.buap.mx\/arteymedios\/wp-content\/uploads\/sites\/23\/2025\/11\/banner-26-300x55.png 300w, https:\/\/admin.arpa.buap.mx\/arteymedios\/wp-content\/uploads\/sites\/23\/2025\/11\/banner-26-768x140.png 768w\" sizes=\"auto, (max-width: 969px) 100vw, 969px\" \/><\/a><\/figure>\n\n\n\n<figure class=\"wp-block-image size-large\"><img loading=\"lazy\" decoding=\"async\" width=\"1024\" height=\"473\" src=\"https:\/\/admin.arpa.buap.mx\/arteymedios\/wp-content\/uploads\/sites\/23\/2025\/01\/IMG_20241113_153549_1-2-1024x473.jpg\" alt=\"\" class=\"wp-image-198\" srcset=\"https:\/\/admin.arpa.buap.mx\/arteymedios\/wp-content\/uploads\/sites\/23\/2025\/01\/IMG_20241113_153549_1-2-1024x473.jpg 1024w, https:\/\/admin.arpa.buap.mx\/arteymedios\/wp-content\/uploads\/sites\/23\/2025\/01\/IMG_20241113_153549_1-2-300x138.jpg 300w, https:\/\/admin.arpa.buap.mx\/arteymedios\/wp-content\/uploads\/sites\/23\/2025\/01\/IMG_20241113_153549_1-2-768x354.jpg 768w, https:\/\/admin.arpa.buap.mx\/arteymedios\/wp-content\/uploads\/sites\/23\/2025\/01\/IMG_20241113_153549_1-2-1536x709.jpg 1536w, https:\/\/admin.arpa.buap.mx\/arteymedios\/wp-content\/uploads\/sites\/23\/2025\/01\/IMG_20241113_153549_1-2-2048x945.jpg 2048w\" sizes=\"auto, (max-width: 1024px) 100vw, 1024px\" \/><\/figure>\n\n\n\n<ul class=\"wp-block-list\">\n<li>Dirigido a artistas, creadores y profesionales que buscan una formaci\u00f3n integral, que combine la teor\u00eda con la pr\u00e1ctica, y que fomente la innovaci\u00f3n y la reflexi\u00f3n cr\u00edtica.<\/li>\n\n\n\n<li><strong>Modalidad del programa:<\/strong> Presencial<\/li>\n\n\n\n<li><strong>Duraci\u00f3n: <\/strong>2 a\u00f1os (4 semestres)<\/li>\n\n\n\n<li><strong>Horario:<\/strong> lunes a jueves de 14:00 -18:00 horas<\/li>\n<\/ul>\n\n\n\n<hr class=\"wp-block-separator has-alpha-channel-opacity\" \/>\n\n\n\n<details class=\"wp-block-details is-layout-flow wp-block-details-is-layout-flow\"><summary><strong>Objetivos<\/strong>_____ <sub>Ver mas&#8230;<\/sub><\/summary>\n<p>Formar investigadores con conocimiento en el arte y los medios que comprendan la din\u00e1mica de transformaci\u00f3n tecnol\u00f3gica y pueden aplicar sus conocimientos en propuestas de innovaci\u00f3n para la resoluci\u00f3n de problemas contempor\u00e1neos en las \u00e1reas de las artes y los medios, con una visi\u00f3n de creaci\u00f3n, est\u00e9tica, cr\u00edtica y humanista.<\/p>\n\n\n\n<div style=\"height:38px\" aria-hidden=\"true\" class=\"wp-block-spacer\"><\/div>\n\n\n\n<div class=\"wp-block-columns is-layout-flex wp-container-core-columns-is-layout-9d6595d7 wp-block-columns-is-layout-flex\">\n<div class=\"wp-block-column is-layout-flow wp-block-column-is-layout-flow\">\n<div class=\"wp-block-group\"><div class=\"wp-block-group__inner-container is-layout-constrained wp-block-group-is-layout-constrained\">\n<figure class=\"wp-block-image size-full is-resized\"><img loading=\"lazy\" decoding=\"async\" width=\"233\" height=\"256\" src=\"https:\/\/admin.arpa.buap.mx\/arteymedios\/wp-content\/uploads\/sites\/23\/2025\/01\/14179-512.png\" alt=\"\" class=\"wp-image-73\" style=\"width:100px\" \/><\/figure>\n\n\n\n<p>Ofrecer un programa de posgrado basado en metodolog\u00edas de investigaci\u00f3n interdisciplinarias que propician discusiones cr\u00edticas y una rica reflexi\u00f3n te\u00f3rica para formar es-pecialistas en el campo del arte y los medios.<\/p>\n\n\n\n<p><\/p>\n<\/div><\/div>\n<\/div>\n\n\n\n<div class=\"wp-block-column is-layout-flow wp-block-column-is-layout-flow\">\n<div class=\"wp-block-group\"><div class=\"wp-block-group__inner-container is-layout-constrained wp-block-group-is-layout-constrained\">\n<figure class=\"wp-block-image size-full is-resized\"><img loading=\"lazy\" decoding=\"async\" width=\"256\" height=\"256\" src=\"https:\/\/admin.arpa.buap.mx\/arteymedios\/wp-content\/uploads\/sites\/23\/2025\/01\/black-idea-icon-2.png\" alt=\"\" class=\"wp-image-70\" style=\"width:100px\" srcset=\"https:\/\/admin.arpa.buap.mx\/arteymedios\/wp-content\/uploads\/sites\/23\/2025\/01\/black-idea-icon-2.png 256w, https:\/\/admin.arpa.buap.mx\/arteymedios\/wp-content\/uploads\/sites\/23\/2025\/01\/black-idea-icon-2-150x150.png 150w\" sizes=\"auto, (max-width: 256px) 100vw, 256px\" \/><\/figure>\n\n\n\n<p>Participar en pr\u00e1cticas de innovaci\u00f3n art\u00edstica dise\u00f1adas conforme a la evoluci\u00f3n hist\u00f3rica en escenarios culturales diversos para formas investigadores que analicen expresiones art\u00edsticas y culturales en medios que van desde el pigmento a lo digital, pasando por la fotograf\u00eda, la imagen en movimiento y los juegos.<\/p>\n<\/div><\/div>\n<\/div>\n\n\n\n<div class=\"wp-block-column is-layout-flow wp-block-column-is-layout-flow\">\n<div class=\"wp-block-group\"><div class=\"wp-block-group__inner-container is-layout-constrained wp-block-group-is-layout-constrained\">\n<figure class=\"wp-block-image size-full is-resized\"><img loading=\"lazy\" decoding=\"async\" width=\"256\" height=\"255\" src=\"https:\/\/admin.arpa.buap.mx\/arteymedios\/wp-content\/uploads\/sites\/23\/2025\/01\/colaboration.png\" alt=\"\" class=\"wp-image-158\" style=\"width:100px\" srcset=\"https:\/\/admin.arpa.buap.mx\/arteymedios\/wp-content\/uploads\/sites\/23\/2025\/01\/colaboration.png 256w, https:\/\/admin.arpa.buap.mx\/arteymedios\/wp-content\/uploads\/sites\/23\/2025\/01\/colaboration-150x150.png 150w\" sizes=\"auto, (max-width: 256px) 100vw, 256px\" \/><\/figure>\n\n\n\n<p>Extender el trabajo desde las artes y los medios, a la industria cultural, a las instituciones art\u00edsticas y a la esfera p\u00fablica ofreciendo experiencias o eventos socialmente conscientes y cr\u00edticamente informados para formar especialistas que puedan colaborar en estos espacios.<\/p>\n<\/div><\/div>\n<\/div>\n<\/div>\n\n\n\n<p><\/p>\n<\/details>\n\n\n\n<hr class=\"wp-block-separator has-alpha-channel-opacity\" \/>\n\n\n\n<details class=\"wp-block-details is-layout-flow wp-block-details-is-layout-flow\"><summary><strong>L\u00edneas de investigaci\u00f3n LGAC<\/strong> _____ <sub>Ver mas&#8230;<\/sub><\/summary>\n<div class=\"wp-block-columns is-layout-flex wp-container-core-columns-is-layout-9d6595d7 wp-block-columns-is-layout-flex\">\n<div class=\"wp-block-column is-layout-flow wp-block-column-is-layout-flow\">\n<div class=\"wp-block-group\"><div class=\"wp-block-group__inner-container is-layout-constrained wp-block-group-is-layout-constrained\">\n<div class=\"wp-block-group\"><div class=\"wp-block-group__inner-container is-layout-constrained wp-block-group-is-layout-constrained\">\n<figure class=\"wp-block-image size-full\"><img loading=\"lazy\" decoding=\"async\" width=\"2560\" height=\"1707\" src=\"https:\/\/admin.arpa.buap.mx\/arteymedios\/wp-content\/uploads\/sites\/23\/2025\/01\/IMG_3994-scaled.jpg\" alt=\"\" class=\"wp-image-212\" style=\"aspect-ratio:16\/9;object-fit:cover\" srcset=\"https:\/\/admin.arpa.buap.mx\/arteymedios\/wp-content\/uploads\/sites\/23\/2025\/01\/IMG_3994-scaled.jpg 2560w, https:\/\/admin.arpa.buap.mx\/arteymedios\/wp-content\/uploads\/sites\/23\/2025\/01\/IMG_3994-300x200.jpg 300w, https:\/\/admin.arpa.buap.mx\/arteymedios\/wp-content\/uploads\/sites\/23\/2025\/01\/IMG_3994-1024x683.jpg 1024w, https:\/\/admin.arpa.buap.mx\/arteymedios\/wp-content\/uploads\/sites\/23\/2025\/01\/IMG_3994-768x512.jpg 768w, https:\/\/admin.arpa.buap.mx\/arteymedios\/wp-content\/uploads\/sites\/23\/2025\/01\/IMG_3994-1536x1024.jpg 1536w, https:\/\/admin.arpa.buap.mx\/arteymedios\/wp-content\/uploads\/sites\/23\/2025\/01\/IMG_3994-2048x1366.jpg 2048w\" sizes=\"auto, (max-width: 2560px) 100vw, 2560px\" \/><\/figure>\n\n\n\n<h4 class=\"wp-block-heading\"><strong>Teor\u00eda e innovaci\u00f3n en artes y medios<\/strong><\/h4>\n\n\n\n<p><\/p>\n\n\n\n<hr class=\"wp-block-separator has-alpha-channel-opacity\" \/>\n\n\n\n<p>Esta LGAC explora las propuestas te\u00f3ricas para el an\u00e1lisis de medios y su uso en la innovaci\u00f3n de las artes. Se enfoca en el entendimiento de esquemas medi\u00e1ticos como son la naturaleza y los efectos cognitivos, sensibles y sociales de los medios. A trav\u00e9s de la identificaci\u00f3n del medio, esta LGAC posibilita el desarrollo de propuestas creativas, gesti\u00f3n de tecnolog\u00edas y comprensi\u00f3n de fen\u00f3menos sociales contempor\u00e1neos.<br>El enfoque te\u00f3rico-pr\u00e1ctico abarca el campo de investigaci\u00f3n de estudios filos\u00f3ficos y te\u00f3ricos sobre medios, su investigaci\u00f3n de las problem\u00e1ticas en el uso, desarrollo e innovaci\u00f3n de cada medio y m\u00e1s que nada en el estudio de los cambios sensibles y cognitivos producto de la experiencia mediatizada. \u00c1rea integrada por las materias: Arte y teor\u00eda de medios, Arte y Mediolog\u00eda, Transmedialidad, Arte y Tecnolog\u00eda.<\/p>\n\n\n\n<p><\/p>\n<\/div><\/div>\n<\/div><\/div>\n<\/div>\n\n\n\n<div class=\"wp-block-column is-layout-flow wp-block-column-is-layout-flow\">\n<div class=\"wp-block-group\"><div class=\"wp-block-group__inner-container is-layout-constrained wp-block-group-is-layout-constrained\">\n<figure class=\"wp-block-image size-full\"><img loading=\"lazy\" decoding=\"async\" width=\"2560\" height=\"1182\" src=\"https:\/\/admin.arpa.buap.mx\/arteymedios\/wp-content\/uploads\/sites\/23\/2025\/01\/IMG_20231208_105857-2-scaled.jpg\" alt=\"\" class=\"wp-image-200\" style=\"aspect-ratio:16\/9;object-fit:cover\" srcset=\"https:\/\/admin.arpa.buap.mx\/arteymedios\/wp-content\/uploads\/sites\/23\/2025\/01\/IMG_20231208_105857-2-scaled.jpg 2560w, https:\/\/admin.arpa.buap.mx\/arteymedios\/wp-content\/uploads\/sites\/23\/2025\/01\/IMG_20231208_105857-2-300x138.jpg 300w, https:\/\/admin.arpa.buap.mx\/arteymedios\/wp-content\/uploads\/sites\/23\/2025\/01\/IMG_20231208_105857-2-1024x473.jpg 1024w, https:\/\/admin.arpa.buap.mx\/arteymedios\/wp-content\/uploads\/sites\/23\/2025\/01\/IMG_20231208_105857-2-768x354.jpg 768w, https:\/\/admin.arpa.buap.mx\/arteymedios\/wp-content\/uploads\/sites\/23\/2025\/01\/IMG_20231208_105857-2-1536x709.jpg 1536w, https:\/\/admin.arpa.buap.mx\/arteymedios\/wp-content\/uploads\/sites\/23\/2025\/01\/IMG_20231208_105857-2-2048x945.jpg 2048w\" sizes=\"auto, (max-width: 2560px) 100vw, 2560px\" \/><\/figure>\n\n\n\n<h4 class=\"wp-block-heading\"><strong>An\u00e1lisis y creaci\u00f3n en medios particulares<\/strong><\/h4>\n\n\n\n<p><\/p>\n\n\n\n<hr class=\"wp-block-separator has-alpha-channel-opacity\" \/>\n\n\n\n<p>Esta LGAC se enfoca principalmente en aquellos medios que son empleados por el arte como: lo sonoro, el texto, la imagen fija, la imagen en movimiento o los medios digitales. Es un estudio avanzado y enfocado en las caracter\u00edsticas de estos medios y su potencialidad para impactar de manera positiva en el desarrollo de contenidos y de tecnolog\u00edas nuevas. Esta LGAC se apoya en el uso de la investigaci\u00f3n de campo que relaciona al estudio te\u00f3rico con el uso de los medios particulares que est\u00e1n siendo analizados.<\/p>\n\n\n\n<ol class=\"wp-block-list\">\n<li>El campo de medios de la imaginaci\u00f3n: integrada las materias: El libro y los me-dios impresos, Arte secuencial, Im\u00e1genes que hablan.<\/li>\n\n\n\n<li>El campo de medios de la ilusi\u00f3n: integrada por las asignaturas: Teor\u00eda de la ima-gen fija, Imagen en movimiento, Lo sonoro.<\/li>\n\n\n\n<li>El campo de medios de la interacci\u00f3n: integrada por las asignaturas: Teor\u00eda de lo l\u00fadico: juegos anal\u00f3gicos y digitales, Medios digitales, Realidad Mixta.<\/li>\n<\/ol>\n<\/div><\/div>\n<\/div>\n<\/div>\n\n\n\n<p><\/p>\n\n\n\n<hr class=\"wp-block-separator has-alpha-channel-opacity\" \/>\n<\/details>\n\n\n\n<hr class=\"wp-block-separator has-alpha-channel-opacity\" \/>\n\n\n\n<details class=\"wp-block-details is-layout-flow wp-block-details-is-layout-flow\"><summary><strong>Perfil de Ingreso<\/strong> _____ <sub>Ver mas&#8230;<\/sub><\/summary>\n<p>El aspirante a cursar la Maestr\u00eda en Arte y Medios deber\u00e1 satisfacer este perfil:<br>Contar con un grado de licenciatura en \u00e1reas de humanidades (Artes Pl\u00e1sticas, Arte Digital, Cinematograf\u00eda, Mercadotecnia y Medios Digitales, Filosof\u00eda, Historia, M\u00fasica, Danza, Arte Dram\u00e1tico, Etnocoreolog\u00eda, Ling\u00fc\u00edstica y Literatura, Psicolog\u00eda), ciencias sociales (Comunicaci\u00f3n, Periodismo, Antropolog\u00eda, Sociolog\u00eda , Dise\u00f1o Gr\u00e1fico, Arquitectura, Ciencias Pol\u00edticas) o ingenier\u00eda y tecnolog\u00eda (computaci\u00f3n, electr\u00f3nica) y demostrar un amplio conocimiento en el desarrollo y pensamiento sobre medios y artes.<\/p>\n\n\n\n<div class=\"wp-block-group\"><div class=\"wp-block-group__inner-container is-layout-constrained wp-block-group-is-layout-constrained\">\n<div class=\"wp-block-columns is-layout-flex wp-container-core-columns-is-layout-9d6595d7 wp-block-columns-is-layout-flex\">\n<div class=\"wp-block-column is-layout-flow wp-block-column-is-layout-flow\">\n<p>Contar con <strong>conocimientos <\/strong>en:<\/p>\n\n\n\n<ul class=\"wp-block-list\">\n<li>Estudios en artes o medios.<\/li>\n\n\n\n<li>Metodolog\u00eda de la investigaci\u00f3n.<\/li>\n\n\n\n<li>Nociones de los medios de informaci\u00f3n y comunicaci\u00f3n.<\/li>\n\n\n\n<li>Conceptos de cultura, identidad colectiva, globalizaci\u00f3n.<\/li>\n<\/ul>\n<\/div>\n\n\n\n<div class=\"wp-block-column is-layout-flow wp-block-column-is-layout-flow\">\n<p>Tener las <strong>aptitudes <\/strong>para:<\/p>\n\n\n\n<ul class=\"wp-block-list\">\n<li>La lectura y comprensi\u00f3n de textos te\u00f3ricos.<\/li>\n\n\n\n<li>La comunicaci\u00f3n verbal tanto oral como escrita.<\/li>\n\n\n\n<li>El uso de TIC\u00b4s.<\/li>\n\n\n\n<li>El autoaprendizaje.<\/li>\n\n\n\n<li>El empleo b\u00e1sico de alguna segunda lengua.<\/li>\n<\/ul>\n<\/div>\n<\/div>\n<\/div><\/div>\n\n\n\n<div class=\"wp-block-columns is-layout-flex wp-container-core-columns-is-layout-9d6595d7 wp-block-columns-is-layout-flex\">\n<div class=\"wp-block-column is-layout-flow wp-block-column-is-layout-flow\">\n<p>Conducirse con estas <strong>actitudes<\/strong>:<\/p>\n\n\n\n<ul class=\"wp-block-list\">\n<li>Disposici\u00f3n para integrarse a equipos de trabajo interdisciplinarios.<\/li>\n\n\n\n<li>Apertura al uso de nuevos medios y enfoques te\u00f3ricos diversos.<\/li>\n\n\n\n<li>Disposici\u00f3n para la autocr\u00edtica y la cr\u00edtica positiva.<\/li>\n\n\n\n<li>Respeto y tolerancia a la diversidad.<\/li>\n\n\n\n<li>Aceptaci\u00f3n de que el conocimiento, la imaginaci\u00f3n y la creatividad son productos (y procesos) de creaci\u00f3n colectiva.<\/li>\n\n\n\n<li>Asombro ante la realidad interna y externa.<\/li>\n<\/ul>\n<\/div>\n\n\n\n<div class=\"wp-block-column is-layout-flow wp-block-column-is-layout-flow\">\n<p>Contar con las siguientes <strong>habilidades<\/strong>:<\/p>\n\n\n\n<ul class=\"wp-block-list\">\n<li>Liderazgo<\/li>\n\n\n\n<li>Trabajo en equipo<\/li>\n\n\n\n<li>Iniciativa<\/li>\n\n\n\n<li>Capacidad de investigaci\u00f3n y creaci\u00f3n<\/li>\n<\/ul>\n\n\n\n<div style=\"height:19px\" aria-hidden=\"true\" class=\"wp-block-spacer\"><\/div>\n\n\n\n<p>Asumir estos <strong>valores<\/strong>:<\/p>\n\n\n\n<ul class=\"wp-block-list\">\n<li>Respeto<\/li>\n\n\n\n<li>Creatividad<\/li>\n\n\n\n<li>Honestidad<\/li>\n\n\n\n<li>Fraternidad<\/li>\n<\/ul>\n<\/div>\n<\/div>\n\n\n\n<p><\/p>\n<\/details>\n\n\n\n<hr class=\"wp-block-separator has-alpha-channel-opacity\" \/>\n\n\n\n<details class=\"wp-block-details is-layout-flow wp-block-details-is-layout-flow\"><summary><strong>Perfil de Egreso<\/strong> _____ <sub>Ver mas&#8230;<\/sub><\/summary>\n<p>El egresado de la Maestr\u00eda en Arte y Medios desarrollar\u00e1 el siguiente perfil:<br>Estar\u00e1 capacitado para la investigaci\u00f3n, la docencia y la gesti\u00f3n en \u00e1reas del arte y los medios. Podr\u00e1n analizar las complejidades y relaciones producidas por los medios y el arte en el individuo y la sociedad. Se podr\u00e1n desarrollar profesionalmente en instituciones de investigaci\u00f3n p\u00fablicas y privadas relacionadas con artes o medios, adem\u00e1s podr\u00e1n aplicar los conocimientos te\u00f3ricos en el uso pr\u00e1ctico de los mismos. El posgrado incluir\u00e1 recursos, actividades y clases en idioma ingl\u00e9s por lo que es indispensable su uso por parte de la comunidad estudiantil con la finalidad de impulsar la internacionalizaci\u00f3n y la apertura a criterios mundiales para enfrentar los retos de la sociedad actual.<\/p>\n\n\n\n<p>Contar\u00e1 con <strong>conocimientos <\/strong>en:<\/p>\n\n\n\n<p>Investigaci\u00f3n y docencia especializada en arte y medios<\/p>\n\n\n\n<p>La naturaleza, influencia e impacto del arte y los medios en la sensibilidad individual y colectiva<\/p>\n\n\n\n<p>Investigaci\u00f3n en las artes y los medios<\/p>\n\n\n\n<p>Los procesos est\u00e9ticos y culturales en el marco de la producci\u00f3n en medios y las artes en el mundo contempor\u00e1neo<\/p>\n<\/details>\n\n\n\n<hr class=\"wp-block-separator has-alpha-channel-opacity\" \/>\n\n\n\n<div class=\"wp-block-cover alignfull is-light\"><span aria-hidden=\"true\" class=\"wp-block-cover__background has-background-dim-100 has-background-dim\" style=\"background-color:#ffffff\"><\/span><div class=\"wp-block-cover__inner-container is-layout-flow wp-block-cover-is-layout-flow\">\n<div class=\"wp-block-media-text alignwide is-stacked-on-mobile is-vertically-aligned-center is-image-fill-element\" style=\"grid-template-columns:56% auto\"><figure class=\"wp-block-media-text__media\"><img loading=\"lazy\" decoding=\"async\" width=\"1024\" height=\"427\" src=\"https:\/\/admin.arpa.buap.mx\/arteymedios\/wp-content\/uploads\/sites\/23\/2025\/01\/cropped-CCU2021-1024x427.jpg\" alt=\"\" class=\"wp-image-63 size-full\" style=\"object-position:50% 50%\" srcset=\"https:\/\/admin.arpa.buap.mx\/arteymedios\/wp-content\/uploads\/sites\/23\/2025\/01\/cropped-CCU2021-1024x427.jpg 1024w, https:\/\/admin.arpa.buap.mx\/arteymedios\/wp-content\/uploads\/sites\/23\/2025\/01\/cropped-CCU2021-300x125.jpg 300w, https:\/\/admin.arpa.buap.mx\/arteymedios\/wp-content\/uploads\/sites\/23\/2025\/01\/cropped-CCU2021-768x320.jpg 768w, https:\/\/admin.arpa.buap.mx\/arteymedios\/wp-content\/uploads\/sites\/23\/2025\/01\/cropped-CCU2021-1536x640.jpg 1536w, https:\/\/admin.arpa.buap.mx\/arteymedios\/wp-content\/uploads\/sites\/23\/2025\/01\/cropped-CCU2021.jpg 1920w\" sizes=\"auto, (max-width: 1024px) 100vw, 1024px\" \/><\/figure><div class=\"wp-block-media-text__content\">\n<h2 class=\"wp-block-heading has-text-color\" style=\"color:#000000;font-size:32px\"><strong>Conoce m\u00e1s de nuestro programa<\/strong><\/h2>\n\n\n\n<div class=\"wp-block-buttons is-layout-flex wp-block-buttons-is-layout-flex\">\n<div class=\"wp-block-button is-style-fill\"><a class=\"wp-block-button__link wp-element-button\" href=\"https:\/\/admin.arpa.buap.mx\/arteymedios\/instalaciones\/\" target=\"_blank\" rel=\"noreferrer noopener\">Instalaciones<\/a><\/div>\n<\/div>\n\n\n\n<div style=\"height:28px\" aria-hidden=\"true\" class=\"wp-block-spacer\"><\/div>\n\n\n\n<div class=\"wp-block-buttons is-layout-flex wp-block-buttons-is-layout-flex\">\n<div class=\"wp-block-button is-style-fill\"><a class=\"wp-block-button__link wp-element-button\" href=\"https:\/\/admin.arpa.buap.mx\/arteymedios\/retribucion-social\/\" target=\"_blank\" rel=\"noreferrer noopener\">Retribuci\u00f3n social<\/a><\/div>\n<\/div>\n<\/div><\/div>\n<\/div><\/div>\n\n\n\n<hr class=\"wp-block-separator has-alpha-channel-opacity\" \/>\n\n\n\n<div class=\"wp-block-cover alignfull is-light\"><span aria-hidden=\"true\" class=\"wp-block-cover__background has-background-dim-100 has-background-dim\" style=\"background-color:#ffffff\"><\/span><div class=\"wp-block-cover__inner-container is-layout-flow wp-block-cover-is-layout-flow\">\n<div class=\"wp-block-media-text alignwide has-media-on-the-right is-stacked-on-mobile is-vertically-aligned-center is-image-fill-element\" style=\"grid-template-columns:auto 56%\"><div class=\"wp-block-media-text__content\">\n<h2 class=\"wp-block-heading has-text-color\" style=\"color:#000000;font-size:32px\">INVESTIGACI\u00d3N<\/h2>\n\n\n\n<div class=\"wp-block-buttons is-layout-flex wp-block-buttons-is-layout-flex\">\n<div class=\"wp-block-button is-style-fill\"><a class=\"wp-block-button__link wp-element-button\" href=\"https:\/\/galeria.arpa.buap.mx\/medialab\/\" target=\"_blank\" rel=\"noreferrer noopener\">ARPA MEDIA LAB<\/a><\/div>\n<\/div>\n\n\n\n<div style=\"height:28px\" aria-hidden=\"true\" class=\"wp-block-spacer\"><\/div>\n\n\n\n<div class=\"wp-block-buttons is-layout-flex wp-block-buttons-is-layout-flex\">\n<div class=\"wp-block-button is-style-fill\"><a class=\"wp-block-button__link wp-element-button\" href=\"https:\/\/congreso.arpa.buap.mx\/\" target=\"_blank\" rel=\"noreferrer noopener\">MEDIA WEEK 2025<\/a><\/div>\n<\/div>\n<\/div><figure class=\"wp-block-media-text__media\"><img loading=\"lazy\" decoding=\"async\" width=\"1024\" height=\"768\" src=\"https:\/\/admin.arpa.buap.mx\/arteymedios\/wp-content\/uploads\/sites\/23\/2025\/11\/MW-color-2019-1024x768.jpg\" alt=\"\" class=\"wp-image-483 size-full\" style=\"object-position:50% 50%\" srcset=\"https:\/\/admin.arpa.buap.mx\/arteymedios\/wp-content\/uploads\/sites\/23\/2025\/11\/MW-color-2019-1024x768.jpg 1024w, https:\/\/admin.arpa.buap.mx\/arteymedios\/wp-content\/uploads\/sites\/23\/2025\/11\/MW-color-2019-300x225.jpg 300w, https:\/\/admin.arpa.buap.mx\/arteymedios\/wp-content\/uploads\/sites\/23\/2025\/11\/MW-color-2019-768x576.jpg 768w, https:\/\/admin.arpa.buap.mx\/arteymedios\/wp-content\/uploads\/sites\/23\/2025\/11\/MW-color-2019-1536x1152.jpg 1536w, https:\/\/admin.arpa.buap.mx\/arteymedios\/wp-content\/uploads\/sites\/23\/2025\/11\/MW-color-2019-2048x1536.jpg 2048w\" sizes=\"auto, (max-width: 1024px) 100vw, 1024px\" \/><\/figure><\/div>\n<\/div><\/div>\n\n\n\n<h4 class=\"wp-block-heading\"><strong>Contacto: <\/strong><\/h4>\n\n\n\n<p><strong>Secretaria de Investigaci\u00f3n y Estudios de Posgrado<\/strong><\/p>\n\n\n\n<p>Mtra. Mar\u00eda Karina Flores Tapia<\/p>\n\n\n\n<p>siep.arpa@correo.buap.mx<\/p>\n\n\n\n<div style=\"height:26px\" aria-hidden=\"true\" class=\"wp-block-spacer\"><\/div>\n\n\n\n<p><strong>Coordinadora del programa<\/strong><\/p>\n\n\n\n<p>Dra. Marleni Reyes Monreal<\/p>\n\n\n\n<p>arteymedios@correo.buap.mx<\/p>\n\n\n\n<p>marleni.reyes@correo.buap.mx<\/p>\n\n\n\n<p><\/p>\n","protected":false},"excerpt":{"rendered":"<p>Maestr\u00eda en Arte y Medios de la Escuela de Artes Pl\u00e1sticas y Audiovisuales BUAP, un programa acad\u00e9mico dise\u00f1ado para aquellos que desean llevar su pasi\u00f3n y talento art\u00edstico a un nivel superior.<br \/>\nCONVOCATORIA ABIERTA<\/p>\n","protected":false},"author":5,"featured_media":0,"parent":0,"menu_order":0,"comment_status":"closed","ping_status":"closed","template":"","meta":{"footnotes":""},"class_list":["post-399","page","type-page","status-publish","hentry"],"_links":{"self":[{"href":"https:\/\/admin.arpa.buap.mx\/arteymedios\/wp-json\/wp\/v2\/pages\/399","targetHints":{"allow":["GET"]}}],"collection":[{"href":"https:\/\/admin.arpa.buap.mx\/arteymedios\/wp-json\/wp\/v2\/pages"}],"about":[{"href":"https:\/\/admin.arpa.buap.mx\/arteymedios\/wp-json\/wp\/v2\/types\/page"}],"author":[{"embeddable":true,"href":"https:\/\/admin.arpa.buap.mx\/arteymedios\/wp-json\/wp\/v2\/users\/5"}],"replies":[{"embeddable":true,"href":"https:\/\/admin.arpa.buap.mx\/arteymedios\/wp-json\/wp\/v2\/comments?post=399"}],"version-history":[{"count":39,"href":"https:\/\/admin.arpa.buap.mx\/arteymedios\/wp-json\/wp\/v2\/pages\/399\/revisions"}],"predecessor-version":[{"id":559,"href":"https:\/\/admin.arpa.buap.mx\/arteymedios\/wp-json\/wp\/v2\/pages\/399\/revisions\/559"}],"wp:attachment":[{"href":"https:\/\/admin.arpa.buap.mx\/arteymedios\/wp-json\/wp\/v2\/media?parent=399"}],"curies":[{"name":"wp","href":"https:\/\/api.w.org\/{rel}","templated":true}]}}