{"id":22,"date":"2021-01-14T00:45:19","date_gmt":"2021-01-14T00:45:19","guid":{"rendered":"https:\/\/admin.arpa.buap.mx\/colegios\/?page_id=22"},"modified":"2022-06-01T15:16:33","modified_gmt":"2022-06-01T15:16:33","slug":"cinematografia","status":"publish","type":"page","link":"https:\/\/admin.arpa.buap.mx\/colegios\/cinematografia\/","title":{"rendered":"Colegio de Cinematograf\u00eda"},"content":{"rendered":"\n<figure class=\"wp-block-image\"><img loading=\"lazy\" decoding=\"async\" width=\"1024\" height=\"682\" src=\"https:\/\/admin.arpa.buap.mx\/colegios\/wp-content\/uploads\/sites\/19\/2021\/02\/MG_9208-1024x682.jpg\" alt=\"\" class=\"wp-image-137\" srcset=\"https:\/\/admin.arpa.buap.mx\/colegios\/wp-content\/uploads\/sites\/19\/2021\/02\/MG_9208-1024x682.jpg 1024w, https:\/\/admin.arpa.buap.mx\/colegios\/wp-content\/uploads\/sites\/19\/2021\/02\/MG_9208-300x200.jpg 300w, https:\/\/admin.arpa.buap.mx\/colegios\/wp-content\/uploads\/sites\/19\/2021\/02\/MG_9208-768x512.jpg 768w, https:\/\/admin.arpa.buap.mx\/colegios\/wp-content\/uploads\/sites\/19\/2021\/02\/MG_9208.jpg 1280w\" sizes=\"auto, (max-width: 1024px) 100vw, 1024px\" \/><\/figure>\n\n\n\n<h3 class=\"wp-block-heading\">Estructura Curricular <\/h3>\n\n\n\n<p> Conoce aqu\u00ed las materias que puedes cursar y sus objetivos generales.  <\/p>\n\n\n\n<h4 class=\"wp-block-heading\">Plan de estudios 2013<\/h4>\n\n\n\n<p>Estas son las materias que cursas, si ingresaste a la licenciatura antes de Oto\u00f1o 2021.<\/p>\n\n\n\n<ul class=\"wp-block-list\"><li><a href=\"https:\/\/admin.arpa.buap.mx\/colegios\/estructura-curricular\/cinematografia-nucleo-basico\/\">Materias de n\u00facleo b\u00e1sico<\/a><\/li><li><a href=\"https:\/\/admin.arpa.buap.mx\/colegios\/estructura-curricular\/cinematografia-nucleo-formativo\/\">Materias de n\u00facleo formativo<\/a><\/li><li><a href=\"https:\/\/admin.arpa.buap.mx\/colegios\/estructura-curricular\/cinematografia-materias-optativas\/\">Materias optativas<\/a><\/li><\/ul>\n\n\n\n<h4 class=\"wp-block-heading\">Plan de estudios 2021<\/h4>\n\n\n\n<p>Estas son las materias que cursas, si ingresaste a la licenciatura en Oto\u00f1o 2021 o adelante.<\/p>\n\n\n\n<ul class=\"wp-block-list\"><li><a href=\"https:\/\/admin.arpa.buap.mx\/colegios\/sin-categoria\/cinematografia-2021\/\" data-type=\"post\" data-id=\"191\">Listado de Materias<\/a><\/li><li><a href=\"https:\/\/admin.arpa.buap.mx\/colegios\/wp-content\/uploads\/sites\/19\/2021\/09\/CIN_2021_RutaCritica.pdf\">Ruta cr\u00edtica<\/a><\/li><\/ul>\n\n\n\n<h3 class=\"wp-block-heading\">Coordinadora<\/h3>\n\n\n\n<div class=\"wp-block-columns has-2-columns is-layout-flex wp-container-core-columns-is-layout-9d6595d7 wp-block-columns-is-layout-flex\">\n<div class=\"wp-block-column is-layout-flow wp-block-column-is-layout-flow\">\n<figure class=\"wp-block-image\"><img loading=\"lazy\" decoding=\"async\" width=\"300\" height=\"400\" src=\"https:\/\/admin.arpa.buap.mx\/colegios\/wp-content\/uploads\/sites\/19\/2021\/02\/ADuran.jpg\" alt=\"\" class=\"wp-image-157\" srcset=\"https:\/\/admin.arpa.buap.mx\/colegios\/wp-content\/uploads\/sites\/19\/2021\/02\/ADuran.jpg 300w, https:\/\/admin.arpa.buap.mx\/colegios\/wp-content\/uploads\/sites\/19\/2021\/02\/ADuran-225x300.jpg 225w\" sizes=\"auto, (max-width: 300px) 100vw, 300px\" \/><\/figure>\n<\/div>\n\n\n\n<div class=\"wp-block-column is-layout-flow wp-block-column-is-layout-flow\">\n<p>Mtra. Adriana Dur\u00e1n Guerrero<\/p>\n\n\n\n<p>adriana.durang@correo.buap.mx<\/p>\n\n\n\n<p>Coordinaci\u00f3n del Colegio de Cinematograf\u00eda:coordinacioncine.arpa@correo.buap.mx<\/p>\n<\/div>\n<\/div>\n\n\n\n<h3 class=\"wp-block-heading\">Tutores<\/h3>\n\n\n\n<p>Haz clic <a href=\"https:\/\/admin.arpa.buap.mx\/tutoria\/tutores\/tutores-cinematografia\/\">aqu\u00ed <\/a>para conocer a los tutores de los alumnos de cinematograf\u00eda.<\/p>\n","protected":false},"excerpt":{"rendered":"<p>Bienvenido al colegio de Cinematograf\u00eda ARPA. Consulta aqu\u00ed informaci\u00f3n referente a la licenciatura y cuerpo docente.<\/p>\n","protected":false},"author":48,"featured_media":23,"parent":0,"menu_order":0,"comment_status":"closed","ping_status":"closed","template":"","meta":{"footnotes":""},"class_list":["post-22","page","type-page","status-publish","has-post-thumbnail","hentry"],"_links":{"self":[{"href":"https:\/\/admin.arpa.buap.mx\/colegios\/wp-json\/wp\/v2\/pages\/22","targetHints":{"allow":["GET"]}}],"collection":[{"href":"https:\/\/admin.arpa.buap.mx\/colegios\/wp-json\/wp\/v2\/pages"}],"about":[{"href":"https:\/\/admin.arpa.buap.mx\/colegios\/wp-json\/wp\/v2\/types\/page"}],"author":[{"embeddable":true,"href":"https:\/\/admin.arpa.buap.mx\/colegios\/wp-json\/wp\/v2\/users\/48"}],"replies":[{"embeddable":true,"href":"https:\/\/admin.arpa.buap.mx\/colegios\/wp-json\/wp\/v2\/comments?post=22"}],"version-history":[{"count":10,"href":"https:\/\/admin.arpa.buap.mx\/colegios\/wp-json\/wp\/v2\/pages\/22\/revisions"}],"predecessor-version":[{"id":236,"href":"https:\/\/admin.arpa.buap.mx\/colegios\/wp-json\/wp\/v2\/pages\/22\/revisions\/236"}],"wp:featuredmedia":[{"embeddable":true,"href":"https:\/\/admin.arpa.buap.mx\/colegios\/wp-json\/wp\/v2\/media\/23"}],"wp:attachment":[{"href":"https:\/\/admin.arpa.buap.mx\/colegios\/wp-json\/wp\/v2\/media?parent=22"}],"curies":[{"name":"wp","href":"https:\/\/api.w.org\/{rel}","templated":true}]}}