{"id":34,"date":"2021-01-14T01:12:06","date_gmt":"2021-01-14T01:12:06","guid":{"rendered":"https:\/\/admin.arpa.buap.mx\/colegios\/?page_id=34"},"modified":"2022-06-01T15:16:10","modified_gmt":"2022-06-01T15:16:10","slug":"artes-plasticas","status":"publish","type":"page","link":"https:\/\/admin.arpa.buap.mx\/colegios\/artes-plasticas\/","title":{"rendered":"Colegio de Artes Pl\u00e1sticas"},"content":{"rendered":"\n<figure class=\"wp-block-image\"><img loading=\"lazy\" decoding=\"async\" width=\"1024\" height=\"682\" src=\"https:\/\/admin.arpa.buap.mx\/colegios\/wp-content\/uploads\/sites\/19\/2021\/02\/IMG_9261-1024x682.jpg\" alt=\"\" class=\"wp-image-140\" srcset=\"https:\/\/admin.arpa.buap.mx\/colegios\/wp-content\/uploads\/sites\/19\/2021\/02\/IMG_9261-1024x682.jpg 1024w, https:\/\/admin.arpa.buap.mx\/colegios\/wp-content\/uploads\/sites\/19\/2021\/02\/IMG_9261-300x200.jpg 300w, https:\/\/admin.arpa.buap.mx\/colegios\/wp-content\/uploads\/sites\/19\/2021\/02\/IMG_9261-768x512.jpg 768w, https:\/\/admin.arpa.buap.mx\/colegios\/wp-content\/uploads\/sites\/19\/2021\/02\/IMG_9261.jpg 1280w\" sizes=\"auto, (max-width: 1024px) 100vw, 1024px\" \/><\/figure>\n\n\n\n<h3 class=\"wp-block-heading\">Estructura Curricular<\/h3>\n\n\n\n<h4 class=\"wp-block-heading\">Plan de estudios 2013<\/h4>\n\n\n\n<p>Estas son las materias que cursas, si ingresaste a la licenciatura antes de Oto\u00f1o 2021.<\/p>\n\n\n\n<ul class=\"wp-block-list\"><li><a href=\"https:\/\/admin.arpa.buap.mx\/colegios\/estructura-curricular\/artes-plasticas-nucleo-basico\/\">Materias de n\u00facleo b\u00e1sico<\/a><\/li><li><a href=\"https:\/\/admin.arpa.buap.mx\/colegios\/estructura-curricular\/artes-plasticas-nucleo-formativo\/\">Materias de n\u00facleo formativo<\/a><\/li><li><a href=\"https:\/\/admin.arpa.buap.mx\/colegios\/estructura-curricular\/artes-plasticas-materias-optativas\/\">Materias optativas<\/a><\/li><\/ul>\n\n\n\n<h4 class=\"wp-block-heading\">Plan de estudios 2021<\/h4>\n\n\n\n<p>Estas son las materias que cursas, si ingresaste a la licenciatura en Oto\u00f1o 2021 o adelante.<\/p>\n\n\n\n<ul class=\"wp-block-list\"><li><a href=\"https:\/\/admin.arpa.buap.mx\/colegios\/sin-categoria\/artes-plasticas-2021\/\" data-type=\"post\" data-id=\"193\">Listado de Materias<\/a><\/li><li><a href=\"https:\/\/admin.arpa.buap.mx\/colegios\/wp-content\/uploads\/sites\/19\/2021\/09\/APL_2021_RutaCritica.pdf\">Ruta cr\u00edtica<\/a><\/li><\/ul>\n\n\n\n<h3 class=\"wp-block-heading\">Coordinadora<\/h3>\n\n\n\n<div class=\"wp-block-columns has-2-columns is-layout-flex wp-container-core-columns-is-layout-9d6595d7 wp-block-columns-is-layout-flex\">\n<div class=\"wp-block-column is-layout-flow wp-block-column-is-layout-flow\">\n<figure class=\"wp-block-image size-large\"><img loading=\"lazy\" decoding=\"async\" width=\"300\" height=\"400\" src=\"https:\/\/admin.arpa.buap.mx\/colegios\/wp-content\/uploads\/sites\/19\/2021\/11\/GabyFarias1.jpg\" alt=\"\" class=\"wp-image-229\" srcset=\"https:\/\/admin.arpa.buap.mx\/colegios\/wp-content\/uploads\/sites\/19\/2021\/11\/GabyFarias1.jpg 300w, https:\/\/admin.arpa.buap.mx\/colegios\/wp-content\/uploads\/sites\/19\/2021\/11\/GabyFarias1-225x300.jpg 225w\" sizes=\"auto, (max-width: 300px) 100vw, 300px\" \/><\/figure>\n<\/div>\n\n\n\n<div class=\"wp-block-column is-layout-flow wp-block-column-is-layout-flow\">\n<p>Mtra. Gabriela Far\u00edas Islas<\/p>\n\n\n\n<p>gabriela.farias@correo.buap.mx<\/p>\n\n\n\n<p>Coordinaci\u00f3n del Colegio de Artes Pl\u00e1sticas:coordinacion.plasticas@correo.buap.mx<\/p>\n<\/div>\n<\/div>\n\n\n\n<h3 class=\"wp-block-heading\">Tutores<\/h3>\n\n\n\n<p>Haz clic <a href=\"https:\/\/admin.arpa.buap.mx\/tutoria\/tutores\/tutores-artes-plasticas\/\">aqu\u00ed <\/a>para conocer a los tutores de los alumnos de Artes Pl\u00e1sticas.<\/p>\n","protected":false},"excerpt":{"rendered":"<p>Bienvenido al colegio de Artes Pl\u00e1sticas ARPA. Consulta aqu\u00ed informaci\u00f3n referente a la licenciatura y cuerpo docente.<\/p>\n","protected":false},"author":48,"featured_media":35,"parent":0,"menu_order":0,"comment_status":"closed","ping_status":"closed","template":"","meta":{"footnotes":""},"class_list":["post-34","page","type-page","status-publish","has-post-thumbnail","hentry"],"_links":{"self":[{"href":"https:\/\/admin.arpa.buap.mx\/colegios\/wp-json\/wp\/v2\/pages\/34","targetHints":{"allow":["GET"]}}],"collection":[{"href":"https:\/\/admin.arpa.buap.mx\/colegios\/wp-json\/wp\/v2\/pages"}],"about":[{"href":"https:\/\/admin.arpa.buap.mx\/colegios\/wp-json\/wp\/v2\/types\/page"}],"author":[{"embeddable":true,"href":"https:\/\/admin.arpa.buap.mx\/colegios\/wp-json\/wp\/v2\/users\/48"}],"replies":[{"embeddable":true,"href":"https:\/\/admin.arpa.buap.mx\/colegios\/wp-json\/wp\/v2\/comments?post=34"}],"version-history":[{"count":11,"href":"https:\/\/admin.arpa.buap.mx\/colegios\/wp-json\/wp\/v2\/pages\/34\/revisions"}],"predecessor-version":[{"id":235,"href":"https:\/\/admin.arpa.buap.mx\/colegios\/wp-json\/wp\/v2\/pages\/34\/revisions\/235"}],"wp:featuredmedia":[{"embeddable":true,"href":"https:\/\/admin.arpa.buap.mx\/colegios\/wp-json\/wp\/v2\/media\/35"}],"wp:attachment":[{"href":"https:\/\/admin.arpa.buap.mx\/colegios\/wp-json\/wp\/v2\/media?parent=34"}],"curies":[{"name":"wp","href":"https:\/\/api.w.org\/{rel}","templated":true}]}}