{"id":9,"date":"2021-01-05T22:23:47","date_gmt":"2021-01-05T22:23:47","guid":{"rendered":"https:\/\/admin.arpa.buap.mx\/tutoria\/?page_id=9"},"modified":"2021-05-10T23:50:26","modified_gmt":"2021-05-10T23:50:26","slug":"tutoria-arpa","status":"publish","type":"page","link":"https:\/\/admin.arpa.buap.mx\/tutoria\/","title":{"rendered":"Tutor\u00eda ARPA"},"content":{"rendered":"\n<figure class=\"wp-block-image\"><img decoding=\"async\" src=\"https:\/\/www.ucatolica.edu.co\/portal\/wp-content\/uploads\/2017\/11\/programa-de-tutoria-en-la-universidad.jpg\" alt=\"Tutor\u00eda archivos - Universidad Cat\u00f3lica De Colombia\"\/><\/figure>\n\n\n\n<p class=\"has-medium-font-size\">La misi\u00f3n del tutor es acompa\u00f1ar al estudiante, orientarlo y apoyarlo durante su trayecto acad\u00e9mico. A trav\u00e9s del proceso formativo de cada estudiante, el tutor representa la conexi\u00f3n directa con las instancias universitarias, ya sea DAE, DAU, entre otras. Al igual, un tutor debe de procurar el seguimiento de sus estudiantes, asesorarlos en los procesos de reinscripci\u00f3n o canalizarlos a los departamentos necesarios para su desarrollo sano y prospero en la universidad.  <\/p>\n\n\n\n<p class=\"has-medium-font-size\">Aqu\u00ed te dejamos los hiperv\u00ednculos para toda la informaci\u00f3n que necesitas para localizar o contactar a tu tutor y conseguir informaci\u00f3n general sobre otros temas:<\/p>\n\n\n\n<h3 class=\"wp-block-heading\"><a href=\"https:\/\/admin.arpa.buap.mx\/tutoria\/sin-categoria\/listado-de-tutores\/\">Listado de tutores por licenciatura<\/a><\/h3>\n\n\n\n<h3 class=\"wp-block-heading\"><a href=\"https:\/\/admin.arpa.buap.mx\/tutoria\/informacion\/apoyo-a-estudiantes\/\">Apoyo a estudiantes (DAU)<\/a><\/h3>\n","protected":false},"excerpt":{"rendered":"<p>La misi\u00f3n del tutor es acompa\u00f1ar al estudiante, orientarlo y apoyarlo durante su trayecto acad\u00e9mico. A trav\u00e9s del proceso formativo de cada estudiante, el tutor [&hellip;]<\/p>\n","protected":false},"author":1,"featured_media":0,"parent":0,"menu_order":0,"comment_status":"closed","ping_status":"closed","template":"","meta":{"footnotes":""},"class_list":["post-9","page","type-page","status-publish","hentry"],"_links":{"self":[{"href":"https:\/\/admin.arpa.buap.mx\/tutoria\/wp-json\/wp\/v2\/pages\/9","targetHints":{"allow":["GET"]}}],"collection":[{"href":"https:\/\/admin.arpa.buap.mx\/tutoria\/wp-json\/wp\/v2\/pages"}],"about":[{"href":"https:\/\/admin.arpa.buap.mx\/tutoria\/wp-json\/wp\/v2\/types\/page"}],"author":[{"embeddable":true,"href":"https:\/\/admin.arpa.buap.mx\/tutoria\/wp-json\/wp\/v2\/users\/1"}],"replies":[{"embeddable":true,"href":"https:\/\/admin.arpa.buap.mx\/tutoria\/wp-json\/wp\/v2\/comments?post=9"}],"version-history":[{"count":21,"href":"https:\/\/admin.arpa.buap.mx\/tutoria\/wp-json\/wp\/v2\/pages\/9\/revisions"}],"predecessor-version":[{"id":208,"href":"https:\/\/admin.arpa.buap.mx\/tutoria\/wp-json\/wp\/v2\/pages\/9\/revisions\/208"}],"wp:attachment":[{"href":"https:\/\/admin.arpa.buap.mx\/tutoria\/wp-json\/wp\/v2\/media?parent=9"}],"curies":[{"name":"wp","href":"https:\/\/api.w.org\/{rel}","templated":true}]}}